{"id":608,"date":"2020-07-28T15:52:24","date_gmt":"2020-07-28T15:52:24","guid":{"rendered":"https:\/\/juliahelena.com\/produs\/yara\/"},"modified":"2020-07-28T17:32:21","modified_gmt":"2020-07-28T17:32:21","slug":"rochie-de-mireasa-yara","status":"publish","type":"product","link":"https:\/\/juliahelena.com\/ro\/collections\/wedding-dresses\/ritz\/rochie-de-mireasa-yara\/","title":{"rendered":"Rochie de Mireas\u0103 YARA"},"content":{"rendered":"","protected":false},"excerpt":{"rendered":"<p>Ce sim\u021bi atunci c\u00e2nd \u00eembraci rochia de mireas\u0103? Emo\u021bie, dorin\u021b\u0103, dragoste \u2026 \u00cembrac\u0103 Yara \u0219i te vei sim\u021bi \u00eenv\u0103luit\u0103 \u00een cele mai profunde emo\u021bii. O rochie de care te vei \u00eendr\u0103gosti pe loc!<\/p>","protected":false},"featured_media":699,"template":"","meta":{"inline_featured_image":false,"neve_meta_sidebar":"","neve_meta_container":"","neve_meta_enable_content_width":"off","neve_meta_content_width":0,"neve_meta_title_alignment":"","neve_meta_author_avatar":"","neve_post_elements_order":"","neve_meta_disable_header":"","neve_meta_disable_footer":"","neve_meta_disable_title":"","neve_meta_reading_time":""},"product_cat":[20],"product_tag":[],"class_list":["post-608","product","type-product","status-publish","has-post-thumbnail","hentry","product_cat-ritz"],"_links":{"self":[{"href":"https:\/\/juliahelena.com\/ro\/wp-json\/wp\/v2\/product\/608","targetHints":{"allow":["GET"]}}],"collection":[{"href":"https:\/\/juliahelena.com\/ro\/wp-json\/wp\/v2\/product"}],"about":[{"href":"https:\/\/juliahelena.com\/ro\/wp-json\/wp\/v2\/types\/product"}],"wp:featuredmedia":[{"embeddable":true,"href":"https:\/\/juliahelena.com\/ro\/wp-json\/wp\/v2\/media\/699"}],"wp:attachment":[{"href":"https:\/\/juliahelena.com\/ro\/wp-json\/wp\/v2\/media?parent=608"}],"wp:term":[{"taxonomy":"product_cat","embeddable":true,"href":"https:\/\/juliahelena.com\/ro\/wp-json\/wp\/v2\/product_cat?post=608"},{"taxonomy":"product_tag","embeddable":true,"href":"https:\/\/juliahelena.com\/ro\/wp-json\/wp\/v2\/product_tag?post=608"}],"curies":[{"name":"wp","href":"https:\/\/api.w.org\/{rel}","templated":true}]}}