{"id":607,"date":"2020-07-28T15:52:24","date_gmt":"2020-07-28T15:52:24","guid":{"rendered":"https:\/\/juliahelena.com\/produs\/ulyana\/"},"modified":"2022-04-05T06:24:50","modified_gmt":"2022-04-05T06:24:50","slug":"rochie-de-mireasa-ulyana","status":"publish","type":"product","link":"https:\/\/juliahelena.com\/ro\/collections\/wedding-dresses\/ritz\/rochie-de-mireasa-ulyana\/","title":{"rendered":"Rochie de Mireas\u0103 ULYANA"},"content":{"rendered":"","protected":false},"excerpt":{"rendered":"<p>Momentul acela c\u00e2nd realizezi c\u0103 a venit ziua nun\u021bii\u2026. Vrei s\u0103 sim\u021bi c\u0103 zbori cu aripi de fluture, fragile \u0219i u\u0219oare precum m\u00e2necile din tul ale acestei rochii. Vrei s\u0103 fii special\u0103 precum broderia cu care te \u00eembrac\u0103 Ulyana.<\/p>","protected":false},"featured_media":698,"template":"","meta":{"inline_featured_image":false,"neve_meta_sidebar":"","neve_meta_container":"","neve_meta_enable_content_width":"off","neve_meta_content_width":0,"neve_meta_title_alignment":"","neve_meta_author_avatar":"","neve_post_elements_order":"","neve_meta_disable_header":"","neve_meta_disable_footer":"","neve_meta_disable_title":"","neve_meta_reading_time":""},"product_cat":[20],"product_tag":[],"class_list":["post-607","product","type-product","status-publish","has-post-thumbnail","hentry","product_cat-ritz"],"_links":{"self":[{"href":"https:\/\/juliahelena.com\/ro\/wp-json\/wp\/v2\/product\/607","targetHints":{"allow":["GET"]}}],"collection":[{"href":"https:\/\/juliahelena.com\/ro\/wp-json\/wp\/v2\/product"}],"about":[{"href":"https:\/\/juliahelena.com\/ro\/wp-json\/wp\/v2\/types\/product"}],"wp:featuredmedia":[{"embeddable":true,"href":"https:\/\/juliahelena.com\/ro\/wp-json\/wp\/v2\/media\/698"}],"wp:attachment":[{"href":"https:\/\/juliahelena.com\/ro\/wp-json\/wp\/v2\/media?parent=607"}],"wp:term":[{"taxonomy":"product_cat","embeddable":true,"href":"https:\/\/juliahelena.com\/ro\/wp-json\/wp\/v2\/product_cat?post=607"},{"taxonomy":"product_tag","embeddable":true,"href":"https:\/\/juliahelena.com\/ro\/wp-json\/wp\/v2\/product_tag?post=607"}],"curies":[{"name":"wp","href":"https:\/\/api.w.org\/{rel}","templated":true}]}}