{"id":601,"date":"2020-07-28T15:52:23","date_gmt":"2020-07-28T15:52:23","guid":{"rendered":"https:\/\/juliahelena.com\/produs\/rumi\/"},"modified":"2020-07-28T17:32:28","modified_gmt":"2020-07-28T17:32:28","slug":"rochie-de-mireasa-rumi","status":"publish","type":"product","link":"https:\/\/juliahelena.com\/ro\/collections\/wedding-dresses\/ritz\/rochie-de-mireasa-rumi\/","title":{"rendered":"Rochie de Mireas\u0103 RUMI"},"content":{"rendered":"","protected":false},"excerpt":{"rendered":"<p>Diferit\u0103 \u00een ziua nun\u021bii? \u00cen locul rochiei de mireas\u0103 conven\u021bional\u0103 alege un compleu special pentru nunt\u0103: tutu contemporan cu particule de sclipici \u0219i o jachet\u0103 cu broderie din flori 3D aplicate manual, cristale \u0219i paiete.<\/p>","protected":false},"featured_media":694,"template":"","meta":{"inline_featured_image":false,"neve_meta_sidebar":"","neve_meta_container":"","neve_meta_enable_content_width":"off","neve_meta_content_width":0,"neve_meta_title_alignment":"","neve_meta_author_avatar":"","neve_post_elements_order":"","neve_meta_disable_header":"","neve_meta_disable_footer":"","neve_meta_disable_title":"","neve_meta_reading_time":""},"product_cat":[20],"product_tag":[],"class_list":["post-601","product","type-product","status-publish","has-post-thumbnail","hentry","product_cat-ritz"],"_links":{"self":[{"href":"https:\/\/juliahelena.com\/ro\/wp-json\/wp\/v2\/product\/601","targetHints":{"allow":["GET"]}}],"collection":[{"href":"https:\/\/juliahelena.com\/ro\/wp-json\/wp\/v2\/product"}],"about":[{"href":"https:\/\/juliahelena.com\/ro\/wp-json\/wp\/v2\/types\/product"}],"wp:featuredmedia":[{"embeddable":true,"href":"https:\/\/juliahelena.com\/ro\/wp-json\/wp\/v2\/media\/694"}],"wp:attachment":[{"href":"https:\/\/juliahelena.com\/ro\/wp-json\/wp\/v2\/media?parent=601"}],"wp:term":[{"taxonomy":"product_cat","embeddable":true,"href":"https:\/\/juliahelena.com\/ro\/wp-json\/wp\/v2\/product_cat?post=601"},{"taxonomy":"product_tag","embeddable":true,"href":"https:\/\/juliahelena.com\/ro\/wp-json\/wp\/v2\/product_tag?post=601"}],"curies":[{"name":"wp","href":"https:\/\/api.w.org\/{rel}","templated":true}]}}