{"id":600,"date":"2020-07-28T15:52:23","date_gmt":"2020-07-28T15:52:23","guid":{"rendered":"https:\/\/juliahelena.com\/produs\/river\/"},"modified":"2020-07-28T17:32:28","modified_gmt":"2020-07-28T17:32:28","slug":"rochie-de-mireasa-river","status":"publish","type":"product","link":"https:\/\/juliahelena.com\/ro\/collections\/wedding-dresses\/ritz\/rochie-de-mireasa-river\/","title":{"rendered":"Rochie de Mireas\u0103 RIVER"},"content":{"rendered":"","protected":false},"excerpt":{"rendered":"<p>Modern\u0103, \u00eendr\u0103znea\u021b\u0103, ancorat\u0103 \u00een tendin\u021be! Vrei o rochie care s\u0103 te reprezinte \u00een totalitate? Poart\u0103 River, un model cu croial\u0103 ampl\u0103, din tafta pre\u021bioas\u0103 stampat\u0103 cu flori \u0219i detalii asimetrice pentru unicitate.<\/p>","protected":false},"featured_media":693,"template":"","meta":{"inline_featured_image":false,"neve_meta_sidebar":"","neve_meta_container":"","neve_meta_enable_content_width":"off","neve_meta_content_width":0,"neve_meta_title_alignment":"","neve_meta_author_avatar":"","neve_post_elements_order":"","neve_meta_disable_header":"","neve_meta_disable_footer":"","neve_meta_disable_title":"","neve_meta_reading_time":""},"product_cat":[20],"product_tag":[],"class_list":["post-600","product","type-product","status-publish","has-post-thumbnail","hentry","product_cat-ritz"],"_links":{"self":[{"href":"https:\/\/juliahelena.com\/ro\/wp-json\/wp\/v2\/product\/600","targetHints":{"allow":["GET"]}}],"collection":[{"href":"https:\/\/juliahelena.com\/ro\/wp-json\/wp\/v2\/product"}],"about":[{"href":"https:\/\/juliahelena.com\/ro\/wp-json\/wp\/v2\/types\/product"}],"wp:featuredmedia":[{"embeddable":true,"href":"https:\/\/juliahelena.com\/ro\/wp-json\/wp\/v2\/media\/693"}],"wp:attachment":[{"href":"https:\/\/juliahelena.com\/ro\/wp-json\/wp\/v2\/media?parent=600"}],"wp:term":[{"taxonomy":"product_cat","embeddable":true,"href":"https:\/\/juliahelena.com\/ro\/wp-json\/wp\/v2\/product_cat?post=600"},{"taxonomy":"product_tag","embeddable":true,"href":"https:\/\/juliahelena.com\/ro\/wp-json\/wp\/v2\/product_tag?post=600"}],"curies":[{"name":"wp","href":"https:\/\/api.w.org\/{rel}","templated":true}]}}