{"id":598,"date":"2020-07-28T15:52:23","date_gmt":"2020-07-28T15:52:23","guid":{"rendered":"https:\/\/juliahelena.com\/produs\/oscar\/"},"modified":"2020-07-28T17:32:25","modified_gmt":"2020-07-28T17:32:25","slug":"rochie-de-mireasa-oscar","status":"publish","type":"product","link":"https:\/\/juliahelena.com\/ro\/collections\/wedding-dresses\/ritz\/rochie-de-mireasa-oscar\/","title":{"rendered":"Rochie de Mireas\u0103 OSCAR"},"content":{"rendered":"","protected":false},"excerpt":{"rendered":"<p>G\u0103se\u0219te-\u021bi rochia pereche dintr-un num\u0103r infinit de modele! Brodat fin, cu motive inspirate din natur\u0103 care coboar\u0103 u\u0219or pe fusta din tul, Oscar poate fi jum\u0103tatea ta perfect\u0103.<\/p>","protected":false},"featured_media":692,"template":"","meta":{"inline_featured_image":false,"neve_meta_sidebar":"","neve_meta_container":"","neve_meta_enable_content_width":"off","neve_meta_content_width":0,"neve_meta_title_alignment":"","neve_meta_author_avatar":"","neve_post_elements_order":"","neve_meta_disable_header":"","neve_meta_disable_footer":"","neve_meta_disable_title":"","neve_meta_reading_time":""},"product_cat":[20],"product_tag":[],"class_list":["post-598","product","type-product","status-publish","has-post-thumbnail","hentry","product_cat-ritz"],"_links":{"self":[{"href":"https:\/\/juliahelena.com\/ro\/wp-json\/wp\/v2\/product\/598","targetHints":{"allow":["GET"]}}],"collection":[{"href":"https:\/\/juliahelena.com\/ro\/wp-json\/wp\/v2\/product"}],"about":[{"href":"https:\/\/juliahelena.com\/ro\/wp-json\/wp\/v2\/types\/product"}],"wp:featuredmedia":[{"embeddable":true,"href":"https:\/\/juliahelena.com\/ro\/wp-json\/wp\/v2\/media\/692"}],"wp:attachment":[{"href":"https:\/\/juliahelena.com\/ro\/wp-json\/wp\/v2\/media?parent=598"}],"wp:term":[{"taxonomy":"product_cat","embeddable":true,"href":"https:\/\/juliahelena.com\/ro\/wp-json\/wp\/v2\/product_cat?post=598"},{"taxonomy":"product_tag","embeddable":true,"href":"https:\/\/juliahelena.com\/ro\/wp-json\/wp\/v2\/product_tag?post=598"}],"curies":[{"name":"wp","href":"https:\/\/api.w.org\/{rel}","templated":true}]}}