{"id":597,"date":"2020-07-28T15:52:23","date_gmt":"2020-07-28T15:52:23","guid":{"rendered":"https:\/\/juliahelena.com\/produs\/opal\/"},"modified":"2020-07-28T17:32:24","modified_gmt":"2020-07-28T17:32:24","slug":"rochie-de-mireasa-opal","status":"publish","type":"product","link":"https:\/\/juliahelena.com\/ro\/collections\/wedding-dresses\/ritz\/rochie-de-mireasa-opal\/","title":{"rendered":"Rochie de Mireas\u0103 OPAL"},"content":{"rendered":"","protected":false},"excerpt":{"rendered":"<p>Creeaz\u0103-\u021bi amintiri pentru o via\u021b\u0103 cu aceast\u0103 rochie de mireas\u0103 cu model atemporal, din dantel\u0103 rafinat\u0103, care \u00eembr\u0103\u021bi\u0219eaz\u0103 delicat trupul.<\/p>","protected":false},"featured_media":691,"template":"","meta":{"inline_featured_image":false,"neve_meta_sidebar":"","neve_meta_container":"","neve_meta_enable_content_width":"off","neve_meta_content_width":0,"neve_meta_title_alignment":"","neve_meta_author_avatar":"","neve_post_elements_order":"","neve_meta_disable_header":"","neve_meta_disable_footer":"","neve_meta_disable_title":"","neve_meta_reading_time":""},"product_cat":[20],"product_tag":[],"class_list":["post-597","product","type-product","status-publish","has-post-thumbnail","hentry","product_cat-ritz"],"_links":{"self":[{"href":"https:\/\/juliahelena.com\/ro\/wp-json\/wp\/v2\/product\/597","targetHints":{"allow":["GET"]}}],"collection":[{"href":"https:\/\/juliahelena.com\/ro\/wp-json\/wp\/v2\/product"}],"about":[{"href":"https:\/\/juliahelena.com\/ro\/wp-json\/wp\/v2\/types\/product"}],"wp:featuredmedia":[{"embeddable":true,"href":"https:\/\/juliahelena.com\/ro\/wp-json\/wp\/v2\/media\/691"}],"wp:attachment":[{"href":"https:\/\/juliahelena.com\/ro\/wp-json\/wp\/v2\/media?parent=597"}],"wp:term":[{"taxonomy":"product_cat","embeddable":true,"href":"https:\/\/juliahelena.com\/ro\/wp-json\/wp\/v2\/product_cat?post=597"},{"taxonomy":"product_tag","embeddable":true,"href":"https:\/\/juliahelena.com\/ro\/wp-json\/wp\/v2\/product_tag?post=597"}],"curies":[{"name":"wp","href":"https:\/\/api.w.org\/{rel}","templated":true}]}}