{"id":592,"date":"2020-07-28T15:52:23","date_gmt":"2020-07-28T15:52:23","guid":{"rendered":"https:\/\/juliahelena.com\/produs\/medeya\/"},"modified":"2020-07-28T17:32:28","modified_gmt":"2020-07-28T17:32:28","slug":"rochie-de-mireasa-medeya","status":"publish","type":"product","link":"https:\/\/juliahelena.com\/ro\/collections\/wedding-dresses\/ritz\/rochie-de-mireasa-medeya\/","title":{"rendered":"Rochie de Mireas\u0103 MEDEYA"},"content":{"rendered":"","protected":false},"excerpt":{"rendered":"<p>Mireas\u0103 \u00een Gr\u0103dina Edenului. Alege o rochie care seduce prin elegan\u021ba materialelor \u0219i cucere\u0219te prin perfec\u021biunea execu\u021biei!<\/p>","protected":false},"featured_media":689,"template":"","meta":{"inline_featured_image":false,"neve_meta_sidebar":"","neve_meta_container":"","neve_meta_enable_content_width":"off","neve_meta_content_width":0,"neve_meta_title_alignment":"","neve_meta_author_avatar":"","neve_post_elements_order":"","neve_meta_disable_header":"","neve_meta_disable_footer":"","neve_meta_disable_title":"","neve_meta_reading_time":""},"product_cat":[20],"product_tag":[],"class_list":["post-592","product","type-product","status-publish","has-post-thumbnail","hentry","product_cat-ritz"],"_links":{"self":[{"href":"https:\/\/juliahelena.com\/ro\/wp-json\/wp\/v2\/product\/592","targetHints":{"allow":["GET"]}}],"collection":[{"href":"https:\/\/juliahelena.com\/ro\/wp-json\/wp\/v2\/product"}],"about":[{"href":"https:\/\/juliahelena.com\/ro\/wp-json\/wp\/v2\/types\/product"}],"wp:featuredmedia":[{"embeddable":true,"href":"https:\/\/juliahelena.com\/ro\/wp-json\/wp\/v2\/media\/689"}],"wp:attachment":[{"href":"https:\/\/juliahelena.com\/ro\/wp-json\/wp\/v2\/media?parent=592"}],"wp:term":[{"taxonomy":"product_cat","embeddable":true,"href":"https:\/\/juliahelena.com\/ro\/wp-json\/wp\/v2\/product_cat?post=592"},{"taxonomy":"product_tag","embeddable":true,"href":"https:\/\/juliahelena.com\/ro\/wp-json\/wp\/v2\/product_tag?post=592"}],"curies":[{"name":"wp","href":"https:\/\/api.w.org\/{rel}","templated":true}]}}