{"id":591,"date":"2020-07-28T15:52:22","date_gmt":"2020-07-28T15:52:22","guid":{"rendered":"https:\/\/juliahelena.com\/produs\/mariposa\/"},"modified":"2020-07-28T17:32:37","modified_gmt":"2020-07-28T17:32:37","slug":"rochie-de-mireasa-mariposa","status":"publish","type":"product","link":"https:\/\/juliahelena.com\/ro\/collections\/wedding-dresses\/ritz\/rochie-de-mireasa-mariposa\/","title":{"rendered":"Rochie de Mireas\u0103 MARIPOSA"},"content":{"rendered":"","protected":false},"excerpt":{"rendered":"<p>S\u0103rb\u0103torim iubirea \u0219i bucuria crea\u021biei \u00eempreun\u0103, cu fiecare model de rochie care prinde form\u0103 la noi \u00een atelier. M\u0103iestria croielii, pre\u021biozitatea materialelor \u0219i str\u0103lucirea accesoriilor o definesc pe Mariposa, o rochie creat\u0103 pe trup, cu suflet.<\/p>","protected":false},"featured_media":688,"template":"","meta":{"inline_featured_image":false,"neve_meta_sidebar":"","neve_meta_container":"","neve_meta_enable_content_width":"off","neve_meta_content_width":0,"neve_meta_title_alignment":"","neve_meta_author_avatar":"","neve_post_elements_order":"","neve_meta_disable_header":"","neve_meta_disable_footer":"","neve_meta_disable_title":"","neve_meta_reading_time":""},"product_cat":[20],"product_tag":[],"class_list":["post-591","product","type-product","status-publish","has-post-thumbnail","hentry","product_cat-ritz"],"_links":{"self":[{"href":"https:\/\/juliahelena.com\/ro\/wp-json\/wp\/v2\/product\/591","targetHints":{"allow":["GET"]}}],"collection":[{"href":"https:\/\/juliahelena.com\/ro\/wp-json\/wp\/v2\/product"}],"about":[{"href":"https:\/\/juliahelena.com\/ro\/wp-json\/wp\/v2\/types\/product"}],"wp:featuredmedia":[{"embeddable":true,"href":"https:\/\/juliahelena.com\/ro\/wp-json\/wp\/v2\/media\/688"}],"wp:attachment":[{"href":"https:\/\/juliahelena.com\/ro\/wp-json\/wp\/v2\/media?parent=591"}],"wp:term":[{"taxonomy":"product_cat","embeddable":true,"href":"https:\/\/juliahelena.com\/ro\/wp-json\/wp\/v2\/product_cat?post=591"},{"taxonomy":"product_tag","embeddable":true,"href":"https:\/\/juliahelena.com\/ro\/wp-json\/wp\/v2\/product_tag?post=591"}],"curies":[{"name":"wp","href":"https:\/\/api.w.org\/{rel}","templated":true}]}}