{"id":590,"date":"2020-07-28T15:52:22","date_gmt":"2020-07-28T15:52:22","guid":{"rendered":"https:\/\/juliahelena.com\/produs\/lyra\/"},"modified":"2022-04-13T22:04:42","modified_gmt":"2022-04-13T22:04:42","slug":"rochie-de-mireasa-lyra","status":"publish","type":"product","link":"https:\/\/juliahelena.com\/ro\/collections\/wedding-dresses\/ritz\/rochie-de-mireasa-lyra\/","title":{"rendered":"Rochie de Mireas\u0103 LYRA"},"content":{"rendered":"","protected":false},"excerpt":{"rendered":"<p>Pentru ca rochia ta de mireas\u0103 s\u0103-\u021bi vin\u0103 perfect, este esen\u021bial s\u0103 te identifici cu ea. Modelul Lyra, care reflect\u0103 elegan\u021ba suprem\u0103 ob\u021binut\u0103 prin simplitate \u0219i detalii discrete, \u00eembrac\u0103 mireasa perfect\u0103.<\/p>","protected":false},"featured_media":687,"template":"","meta":{"inline_featured_image":false,"neve_meta_sidebar":"","neve_meta_container":"","neve_meta_enable_content_width":"off","neve_meta_content_width":0,"neve_meta_title_alignment":"","neve_meta_author_avatar":"","neve_post_elements_order":"","neve_meta_disable_header":"","neve_meta_disable_footer":"","neve_meta_disable_title":"","neve_meta_reading_time":""},"product_cat":[20],"product_tag":[],"class_list":["post-590","product","type-product","status-publish","has-post-thumbnail","hentry","product_cat-ritz"],"_links":{"self":[{"href":"https:\/\/juliahelena.com\/ro\/wp-json\/wp\/v2\/product\/590","targetHints":{"allow":["GET"]}}],"collection":[{"href":"https:\/\/juliahelena.com\/ro\/wp-json\/wp\/v2\/product"}],"about":[{"href":"https:\/\/juliahelena.com\/ro\/wp-json\/wp\/v2\/types\/product"}],"wp:featuredmedia":[{"embeddable":true,"href":"https:\/\/juliahelena.com\/ro\/wp-json\/wp\/v2\/media\/687"}],"wp:attachment":[{"href":"https:\/\/juliahelena.com\/ro\/wp-json\/wp\/v2\/media?parent=590"}],"wp:term":[{"taxonomy":"product_cat","embeddable":true,"href":"https:\/\/juliahelena.com\/ro\/wp-json\/wp\/v2\/product_cat?post=590"},{"taxonomy":"product_tag","embeddable":true,"href":"https:\/\/juliahelena.com\/ro\/wp-json\/wp\/v2\/product_tag?post=590"}],"curies":[{"name":"wp","href":"https:\/\/api.w.org\/{rel}","templated":true}]}}