{"id":576,"date":"2020-07-28T15:52:20","date_gmt":"2020-07-28T15:52:20","guid":{"rendered":"https:\/\/juliahelena.com\/produs\/etta\/"},"modified":"2022-03-22T13:46:48","modified_gmt":"2022-03-22T13:46:48","slug":"rochie-de-mireasa-etta","status":"publish","type":"product","link":"https:\/\/juliahelena.com\/ro\/collections\/wedding-dresses\/ritz\/rochie-de-mireasa-etta\/","title":{"rendered":"Rochie de Mireas\u0103 ETTA"},"content":{"rendered":"","protected":false},"excerpt":{"rendered":"<p>O femeie puternic\u0103 \u00eembrac\u0103 \u00eentotdeauna o rochie cu personalitate. Noi am g\u0103sit echilibrul dintre materiale, detalii brodate \u0219i liniile croielii astfel \u00eenc\u00e2t rochia ta s\u0103 te defineasc\u0103.<\/p>","protected":false},"featured_media":680,"template":"","meta":{"inline_featured_image":false,"neve_meta_sidebar":"","neve_meta_container":"","neve_meta_enable_content_width":"off","neve_meta_content_width":0,"neve_meta_title_alignment":"","neve_meta_author_avatar":"","neve_post_elements_order":"","neve_meta_disable_header":"","neve_meta_disable_footer":"","neve_meta_disable_title":"","neve_meta_reading_time":""},"product_cat":[20],"product_tag":[],"class_list":["post-576","product","type-product","status-publish","has-post-thumbnail","hentry","product_cat-ritz"],"_links":{"self":[{"href":"https:\/\/juliahelena.com\/ro\/wp-json\/wp\/v2\/product\/576","targetHints":{"allow":["GET"]}}],"collection":[{"href":"https:\/\/juliahelena.com\/ro\/wp-json\/wp\/v2\/product"}],"about":[{"href":"https:\/\/juliahelena.com\/ro\/wp-json\/wp\/v2\/types\/product"}],"wp:featuredmedia":[{"embeddable":true,"href":"https:\/\/juliahelena.com\/ro\/wp-json\/wp\/v2\/media\/680"}],"wp:attachment":[{"href":"https:\/\/juliahelena.com\/ro\/wp-json\/wp\/v2\/media?parent=576"}],"wp:term":[{"taxonomy":"product_cat","embeddable":true,"href":"https:\/\/juliahelena.com\/ro\/wp-json\/wp\/v2\/product_cat?post=576"},{"taxonomy":"product_tag","embeddable":true,"href":"https:\/\/juliahelena.com\/ro\/wp-json\/wp\/v2\/product_tag?post=576"}],"curies":[{"name":"wp","href":"https:\/\/api.w.org\/{rel}","templated":true}]}}