{"id":572,"date":"2020-07-28T15:52:19","date_gmt":"2020-07-28T15:52:19","guid":{"rendered":"https:\/\/juliahelena.com\/produs\/celine\/"},"modified":"2020-07-28T17:32:41","modified_gmt":"2020-07-28T17:32:41","slug":"rochie-de-mireasa-celine","status":"publish","type":"product","link":"https:\/\/juliahelena.com\/ro\/collections\/wedding-dresses\/ritz\/rochie-de-mireasa-celine\/","title":{"rendered":"Rochie de Mireas\u0103 CELINE"},"content":{"rendered":"","protected":false},"excerpt":{"rendered":"<p>Remarcabil\u0103 prin puterea contrastelor. Iat\u0103 o pies\u0103 \u00een care transparen\u021ba \u00ee\u0219i p\u0103streaz\u0103 decen\u021ba iar str\u0103lucirea reflect\u0103 discret raze de lumin\u0103, f\u0103r\u0103 s\u0103 eclipseze linia curat\u0103 a croielii.<\/p>","protected":false},"featured_media":677,"template":"","meta":{"inline_featured_image":false,"neve_meta_sidebar":"","neve_meta_container":"","neve_meta_enable_content_width":"off","neve_meta_content_width":0,"neve_meta_title_alignment":"","neve_meta_author_avatar":"","neve_post_elements_order":"","neve_meta_disable_header":"","neve_meta_disable_footer":"","neve_meta_disable_title":"","neve_meta_reading_time":""},"product_cat":[20],"product_tag":[],"class_list":["post-572","product","type-product","status-publish","has-post-thumbnail","hentry","product_cat-ritz"],"_links":{"self":[{"href":"https:\/\/juliahelena.com\/ro\/wp-json\/wp\/v2\/product\/572","targetHints":{"allow":["GET"]}}],"collection":[{"href":"https:\/\/juliahelena.com\/ro\/wp-json\/wp\/v2\/product"}],"about":[{"href":"https:\/\/juliahelena.com\/ro\/wp-json\/wp\/v2\/types\/product"}],"wp:featuredmedia":[{"embeddable":true,"href":"https:\/\/juliahelena.com\/ro\/wp-json\/wp\/v2\/media\/677"}],"wp:attachment":[{"href":"https:\/\/juliahelena.com\/ro\/wp-json\/wp\/v2\/media?parent=572"}],"wp:term":[{"taxonomy":"product_cat","embeddable":true,"href":"https:\/\/juliahelena.com\/ro\/wp-json\/wp\/v2\/product_cat?post=572"},{"taxonomy":"product_tag","embeddable":true,"href":"https:\/\/juliahelena.com\/ro\/wp-json\/wp\/v2\/product_tag?post=572"}],"curies":[{"name":"wp","href":"https:\/\/api.w.org\/{rel}","templated":true}]}}