{"id":566,"date":"2020-07-28T15:52:19","date_gmt":"2020-07-28T15:52:19","guid":{"rendered":"https:\/\/juliahelena.com\/produs\/august\/"},"modified":"2020-07-28T17:32:41","modified_gmt":"2020-07-28T17:32:41","slug":"rochie-de-mireasa-august","status":"publish","type":"product","link":"https:\/\/juliahelena.com\/ro\/collections\/wedding-dresses\/ritz\/rochie-de-mireasa-august\/","title":{"rendered":"Rochie de Mireas\u0103 AUGUST"},"content":{"rendered":"","protected":false},"excerpt":{"rendered":"<p>Cau\u021bi o crea\u021bie fabuloas\u0103 pentru nunt\u0103? Broderia elaborat\u0103 transform\u0103 rochia de mireas\u0103 \u00eentr-o oper\u0103 de art\u0103.<\/p>","protected":false},"featured_media":706,"template":"","meta":{"inline_featured_image":false,"neve_meta_sidebar":"","neve_meta_container":"","neve_meta_enable_content_width":"off","neve_meta_content_width":0,"neve_meta_title_alignment":"","neve_meta_author_avatar":"","neve_post_elements_order":"","neve_meta_disable_header":"","neve_meta_disable_footer":"","neve_meta_disable_title":"","neve_meta_reading_time":""},"product_cat":[20],"product_tag":[],"class_list":["post-566","product","type-product","status-publish","has-post-thumbnail","hentry","product_cat-ritz"],"_links":{"self":[{"href":"https:\/\/juliahelena.com\/ro\/wp-json\/wp\/v2\/product\/566","targetHints":{"allow":["GET"]}}],"collection":[{"href":"https:\/\/juliahelena.com\/ro\/wp-json\/wp\/v2\/product"}],"about":[{"href":"https:\/\/juliahelena.com\/ro\/wp-json\/wp\/v2\/types\/product"}],"wp:featuredmedia":[{"embeddable":true,"href":"https:\/\/juliahelena.com\/ro\/wp-json\/wp\/v2\/media\/706"}],"wp:attachment":[{"href":"https:\/\/juliahelena.com\/ro\/wp-json\/wp\/v2\/media?parent=566"}],"wp:term":[{"taxonomy":"product_cat","embeddable":true,"href":"https:\/\/juliahelena.com\/ro\/wp-json\/wp\/v2\/product_cat?post=566"},{"taxonomy":"product_tag","embeddable":true,"href":"https:\/\/juliahelena.com\/ro\/wp-json\/wp\/v2\/product_tag?post=566"}],"curies":[{"name":"wp","href":"https:\/\/api.w.org\/{rel}","templated":true}]}}