{"id":3701,"date":"2025-02-26T18:24:10","date_gmt":"2025-02-26T18:24:10","guid":{"rendered":"https:\/\/juliahelena.com\/?post_type=product&#038;p=3701"},"modified":"2025-03-01T09:13:55","modified_gmt":"2025-03-01T09:13:55","slug":"wedding-dress-vivian","status":"publish","type":"product","link":"https:\/\/juliahelena.com\/ro\/collections\/wedding-dresses\/wedding-dress-vivian\/","title":{"rendered":"Rochie de mireas\u0103 VIVIAN"},"content":{"rendered":"","protected":false},"excerpt":{"rendered":"<p>O rochie care ilustreaz\u0103 puterea simplit\u0103\u021bii printr-un impact vizual spectaculos. Decolteul inim\u0103 exprim\u0103 seduc\u021bie, croiala pe corp accentueaz\u0103 feminitatea, iar despica\u0306tura i\u0302ndra\u0306zneat\u0326a\u0306 adauga\u0306 atitudine \u0219i stil acestei crea\u021bii fluide, senzuale.<\/p>","protected":false},"featured_media":3682,"template":"","meta":{"inline_featured_image":false,"neve_meta_sidebar":"","neve_meta_container":"","neve_meta_enable_content_width":"off","neve_meta_content_width":70,"neve_meta_title_alignment":"","neve_meta_author_avatar":"","neve_post_elements_order":"","neve_meta_disable_header":"","neve_meta_disable_footer":"","neve_meta_disable_title":"","neve_meta_reading_time":""},"product_cat":[45,54],"product_tag":[],"class_list":["post-3701","product","type-product","status-publish","has-post-thumbnail","hentry","product_cat-wedding-dresses","product_cat-white-swan"],"_links":{"self":[{"href":"https:\/\/juliahelena.com\/ro\/wp-json\/wp\/v2\/product\/3701","targetHints":{"allow":["GET"]}}],"collection":[{"href":"https:\/\/juliahelena.com\/ro\/wp-json\/wp\/v2\/product"}],"about":[{"href":"https:\/\/juliahelena.com\/ro\/wp-json\/wp\/v2\/types\/product"}],"wp:featuredmedia":[{"embeddable":true,"href":"https:\/\/juliahelena.com\/ro\/wp-json\/wp\/v2\/media\/3682"}],"wp:attachment":[{"href":"https:\/\/juliahelena.com\/ro\/wp-json\/wp\/v2\/media?parent=3701"}],"wp:term":[{"taxonomy":"product_cat","embeddable":true,"href":"https:\/\/juliahelena.com\/ro\/wp-json\/wp\/v2\/product_cat?post=3701"},{"taxonomy":"product_tag","embeddable":true,"href":"https:\/\/juliahelena.com\/ro\/wp-json\/wp\/v2\/product_tag?post=3701"}],"curies":[{"name":"wp","href":"https:\/\/api.w.org\/{rel}","templated":true}]}}