{"id":1414,"date":"2020-08-12T13:48:40","date_gmt":"2020-08-12T13:48:40","guid":{"rendered":"https:\/\/juliahelena.com\/?post_type=product&#038;p=1414"},"modified":"2024-05-27T17:06:18","modified_gmt":"2024-05-27T17:06:18","slug":"rochie-de-mireasa-fayola","status":"publish","type":"product","link":"https:\/\/juliahelena.com\/ro\/collections\/wedding-dresses\/lookbook-purr-fect\/rochie-de-mireasa-fayola\/","title":{"rendered":"Rochie de Mireas\u0103 FAYOLA"},"content":{"rendered":"","protected":false},"excerpt":{"rendered":"<p>Rochie de mireas\u0103 Julia Helena. O adapt\u0103m pe silueta ta.<\/p>","protected":false},"featured_media":1415,"template":"","meta":{"inline_featured_image":false,"neve_meta_sidebar":"","neve_meta_container":"","neve_meta_enable_content_width":"off","neve_meta_content_width":70,"neve_meta_title_alignment":"","neve_meta_author_avatar":"","neve_post_elements_order":"","neve_meta_disable_header":"","neve_meta_disable_footer":"","neve_meta_disable_title":"","neve_meta_reading_time":""},"product_cat":[27],"product_tag":[],"class_list":["post-1414","product","type-product","status-publish","has-post-thumbnail","hentry","product_cat-lookbook-purr-fect"],"_links":{"self":[{"href":"https:\/\/juliahelena.com\/ro\/wp-json\/wp\/v2\/product\/1414","targetHints":{"allow":["GET"]}}],"collection":[{"href":"https:\/\/juliahelena.com\/ro\/wp-json\/wp\/v2\/product"}],"about":[{"href":"https:\/\/juliahelena.com\/ro\/wp-json\/wp\/v2\/types\/product"}],"wp:featuredmedia":[{"embeddable":true,"href":"https:\/\/juliahelena.com\/ro\/wp-json\/wp\/v2\/media\/1415"}],"wp:attachment":[{"href":"https:\/\/juliahelena.com\/ro\/wp-json\/wp\/v2\/media?parent=1414"}],"wp:term":[{"taxonomy":"product_cat","embeddable":true,"href":"https:\/\/juliahelena.com\/ro\/wp-json\/wp\/v2\/product_cat?post=1414"},{"taxonomy":"product_tag","embeddable":true,"href":"https:\/\/juliahelena.com\/ro\/wp-json\/wp\/v2\/product_tag?post=1414"}],"curies":[{"name":"wp","href":"https:\/\/api.w.org\/{rel}","templated":true}]}}